{"id":2613,"date":"2022-08-24T22:30:28","date_gmt":"2022-08-24T20:30:28","guid":{"rendered":"https:\/\/auberge-sundgovienne.fr\/kontakt\/"},"modified":"2026-02-19T05:32:37","modified_gmt":"2026-02-19T04:32:37","slug":"kontakt","status":"publish","type":"page","link":"https:\/\/auberge-sundgovienne.fr\/de\/kontakt\/","title":{"rendered":"Kontakt"},"content":{"rendered":"\t\t<div data-elementor-type=\"wp-page\" data-elementor-id=\"2613\" class=\"elementor elementor-2613 elementor-20\" data-elementor-post-type=\"page\">\n\t\t\t\t\t\t<section class=\"elementor-section elementor-top-section elementor-element elementor-element-6673a6e elementor-section-height-min-height elementor-section-full_width elementor-section-items-stretch elementor-section-height-default\" data-id=\"6673a6e\" data-element_type=\"section\" data-e-type=\"section\" data-settings=\"{&quot;background_background&quot;:&quot;classic&quot;}\">\n\t\t\t\t\t\t<div class=\"elementor-container elementor-column-gap-default\">\n\t\t\t\t\t<div class=\"elementor-column elementor-col-100 elementor-top-column elementor-element elementor-element-6f4db6a elementor-invisible\" data-id=\"6f4db6a\" data-element_type=\"column\" data-e-type=\"column\" data-settings=\"{&quot;background_background&quot;:&quot;classic&quot;,&quot;animation&quot;:&quot;fadeIn&quot;}\">\n\t\t\t<div class=\"elementor-widget-wrap elementor-element-populated\">\n\t\t\t\t\t\t<div class=\"elementor-element elementor-element-e037afd elementor-widget elementor-widget-heading\" data-id=\"e037afd\" data-element_type=\"widget\" data-e-type=\"widget\" data-widget_type=\"heading.default\">\n\t\t\t\t\t<h1 class=\"elementor-heading-title elementor-size-default\">Kontaktieren Sie uns jetzt<\/h1>\t\t\t\t<\/div>\n\t\t\t\t\t<\/div>\n\t\t<\/div>\n\t\t\t\t\t<\/div>\n\t\t<\/section>\n\t\t\t\t<section class=\"elementor-section elementor-top-section elementor-element elementor-element-e60aa8d elementor-section-boxed elementor-section-height-default elementor-section-height-default\" data-id=\"e60aa8d\" data-element_type=\"section\" data-e-type=\"section\">\n\t\t\t\t\t\t<div class=\"elementor-container elementor-column-gap-default\">\n\t\t\t\t\t<div class=\"elementor-column elementor-col-33 elementor-top-column elementor-element elementor-element-f82c7d8\" data-id=\"f82c7d8\" data-element_type=\"column\" data-e-type=\"column\">\n\t\t\t<div class=\"elementor-widget-wrap elementor-element-populated\">\n\t\t\t\t\t\t<div class=\"elementor-element elementor-element-8dc32f2 elementor-view-default elementor-widget elementor-widget-icon\" data-id=\"8dc32f2\" data-element_type=\"widget\" data-e-type=\"widget\" data-widget_type=\"icon.default\">\n\t\t\t\t\t\t\t<div class=\"elementor-icon-wrapper\">\n\t\t\t<div class=\"elementor-icon\">\n\t\t\t<svg xmlns=\"http:\/\/www.w3.org\/2000\/svg\" xmlns:xlink=\"http:\/\/www.w3.org\/1999\/xlink\" width=\"36\" height=\"36\" viewBox=\"0 0 36 36\" preserveAspectRatio=\"xMidYMid meet\"><title>map-marker-line<\/title><path class=\"clr-i-outline clr-i-outline-path-1\" d=\"M18,6.72a5.73,5.73,0,1,0,5.73,5.73A5.73,5.73,0,0,0,18,6.72Zm0,9.46a3.73,3.73,0,1,1,3.73-3.73A3.73,3.73,0,0,1,18,16.17Z\"><\/path><path class=\"clr-i-outline clr-i-outline-path-2\" d=\"M18,2A11.79,11.79,0,0,0,6.22,13.73c0,4.67,2.62,8.58,4.54,11.43l.35.52a99.61,99.61,0,0,0,6.14,8l.76.89.76-.89a99.82,99.82,0,0,0,6.14-8l.35-.53c1.91-2.85,4.53-6.75,4.53-11.42A11.79,11.79,0,0,0,18,2ZM23.59,24l-.36.53c-1.72,2.58-4,5.47-5.23,6.9-1.18-1.43-3.51-4.32-5.23-6.9L12.42,24c-1.77-2.64-4.2-6.25-4.2-10.31a9.78,9.78,0,1,1,19.56,0C27.78,17.79,25.36,21.4,23.59,24Z\"><\/path><rect x=\"0\" y=\"0\" width=\"36\" height=\"36\" fill-opacity=\"0\"><\/rect><\/svg>\t\t\t<\/div>\n\t\t<\/div>\n\t\t\t\t\t\t<\/div>\n\t\t\t\t<div class=\"elementor-element elementor-element-74ce95a elementor-widget elementor-widget-heading\" data-id=\"74ce95a\" data-element_type=\"widget\" data-e-type=\"widget\" data-widget_type=\"heading.default\">\n\t\t\t\t\t<h2 class=\"elementor-heading-title elementor-size-default\">Adresse<\/h2>\t\t\t\t<\/div>\n\t\t\t\t<div class=\"elementor-element elementor-element-05dbee5 elementor-widget elementor-widget-text-editor\" data-id=\"05dbee5\" data-element_type=\"widget\" data-e-type=\"widget\" data-widget_type=\"text-editor.default\">\n\t\t\t\t\t\t\t\t\t<p>Sundgovian Inn<br> 1 Belfort Stra\u00dfe<br> 68130 Carspach<\/p>\n\t\t\t\t\t\t\t\t<\/div>\n\t\t\t\t\t<\/div>\n\t\t<\/div>\n\t\t\t\t<div class=\"elementor-column elementor-col-33 elementor-top-column elementor-element elementor-element-bb9e008\" data-id=\"bb9e008\" data-element_type=\"column\" data-e-type=\"column\">\n\t\t\t<div class=\"elementor-widget-wrap elementor-element-populated\">\n\t\t\t\t\t\t<div class=\"elementor-element elementor-element-116b05e elementor-view-default elementor-widget elementor-widget-icon\" data-id=\"116b05e\" data-element_type=\"widget\" data-e-type=\"widget\" data-widget_type=\"icon.default\">\n\t\t\t\t\t\t\t<div class=\"elementor-icon-wrapper\">\n\t\t\t<div class=\"elementor-icon\">\n\t\t\t<svg xmlns=\"http:\/\/www.w3.org\/2000\/svg\" xmlns:xlink=\"http:\/\/www.w3.org\/1999\/xlink\" width=\"36\" height=\"36\" viewBox=\"0 0 36 36\" preserveAspectRatio=\"xMidYMid meet\"><title>phone-handset-line<\/title><path class=\"clr-i-outline clr-i-outline-path-1\" d=\"M27.73,35.44a4.72,4.72,0,0,1-1-.11,33.91,33.91,0,0,1-16.62-8.75,32.71,32.71,0,0,1-9-16.25A4.58,4.58,0,0,1,2.46,6.05l4-3.85A2,2,0,0,1,8,1.66a2,2,0,0,1,1.45.87l5,7.39a1.6,1.6,0,0,1-.11,1.9l-2.51,3a18.94,18.94,0,0,0,4.17,5.89h0a19.26,19.26,0,0,0,6.07,4.09l3.11-2.47a1.64,1.64,0,0,1,1.86-.12l7.55,4.88A2,2,0,0,1,35,30.2l-3.9,3.86A4.74,4.74,0,0,1,27.73,35.44ZM7.84,3.64l-4,3.85a2.54,2.54,0,0,0-.75,2.4,30.7,30.7,0,0,0,8.41,15.26,31.9,31.9,0,0,0,15.64,8.23,2.75,2.75,0,0,0,2.5-.74l3.9-3.86-7.29-4.71-3.34,2.66a1,1,0,0,1-.92.17,20.06,20.06,0,0,1-7.36-4.75h0a19.49,19.49,0,0,1-4.87-7.2A1,1,0,0,1,10,14l2.7-3.23Z\"><\/path><rect x=\"0\" y=\"0\" width=\"36\" height=\"36\" fill-opacity=\"0\"><\/rect><\/svg>\t\t\t<\/div>\n\t\t<\/div>\n\t\t\t\t\t\t<\/div>\n\t\t\t\t<div class=\"elementor-element elementor-element-8ab9152 elementor-widget elementor-widget-heading\" data-id=\"8ab9152\" data-element_type=\"widget\" data-e-type=\"widget\" data-widget_type=\"heading.default\">\n\t\t\t\t\t<h2 class=\"elementor-heading-title elementor-size-default\">Telefon<\/h2>\t\t\t\t<\/div>\n\t\t\t\t<div class=\"elementor-element elementor-element-9b5bd36 elementor-widget elementor-widget-text-editor\" data-id=\"9b5bd36\" data-element_type=\"widget\" data-e-type=\"widget\" data-widget_type=\"text-editor.default\">\n\t\t\t\t\t\t\t\t\t<p>F\u00fcr alle Informationsanfragen<br> oder direkt im Hotel und Restaurant buchen:<br> Telefon: <a href=\"tel:+33389409718\">(+33) 03 89 40 97 18<\/a><\/p>\n\t\t\t\t\t\t\t\t<\/div>\n\t\t\t\t\t<\/div>\n\t\t<\/div>\n\t\t\t\t<div class=\"elementor-column elementor-col-33 elementor-top-column elementor-element elementor-element-3ce98f9\" data-id=\"3ce98f9\" data-element_type=\"column\" data-e-type=\"column\">\n\t\t\t<div class=\"elementor-widget-wrap elementor-element-populated\">\n\t\t\t\t\t\t<div class=\"elementor-element elementor-element-d366966 elementor-view-default elementor-widget elementor-widget-icon\" data-id=\"d366966\" data-element_type=\"widget\" data-e-type=\"widget\" data-widget_type=\"icon.default\">\n\t\t\t\t\t\t\t<div class=\"elementor-icon-wrapper\">\n\t\t\t<div class=\"elementor-icon\">\n\t\t\t<svg xmlns=\"http:\/\/www.w3.org\/2000\/svg\" xmlns:xlink=\"http:\/\/www.w3.org\/1999\/xlink\" width=\"36\" height=\"36\" viewBox=\"0 0 36 36\" preserveAspectRatio=\"xMidYMid meet\"><title>clock-line<\/title><path d=\"M18,2A16,16,0,1,0,34,18,16,16,0,0,0,18,2Zm0,30A14,14,0,1,1,32,18,14,14,0,0,1,18,32Z\" class=\"clr-i-outline clr-i-outline-path-1\"><\/path><path d=\"M18.92,18.4V10.75a1,1,0,0,0-2,0v8.72l5.9,4a1,1,0,1,0,1.11-1.66Z\" class=\"clr-i-outline clr-i-outline-path-2\"><\/path><path d=\"M8,17.94A9.94,9.94,0,0,1,23.41,9.59l.85-1.36a11.55,11.55,0,1,0-8.53,21L16,27.7A10,10,0,0,1,8,17.94Z\" class=\"clr-i-outline clr-i-outline-path-3\"><\/path><rect x=\"0\" y=\"0\" width=\"36\" height=\"36\" fill-opacity=\"0\"><\/rect><\/svg>\t\t\t<\/div>\n\t\t<\/div>\n\t\t\t\t\t\t<\/div>\n\t\t\t\t<div class=\"elementor-element elementor-element-fa17349 elementor-widget elementor-widget-heading\" data-id=\"fa17349\" data-element_type=\"widget\" data-e-type=\"widget\" data-widget_type=\"heading.default\">\n\t\t\t\t\t<h2 class=\"elementor-heading-title elementor-size-default\">\u00d6ffnungszeiten<\/h2>\t\t\t\t<\/div>\n\t\t\t\t<div class=\"elementor-element elementor-element-3384008 elementor-widget elementor-widget-text-editor\" data-id=\"3384008\" data-element_type=\"widget\" data-e-type=\"widget\" data-widget_type=\"text-editor.default\">\n\t\t\t\t\t\t\t\t\t<p>Das Hotel ist nach vorheriger Reservierung mit Zugangscode f\u00fcr Sonntag- und Montagabend 7 Tage die Woche ge\u00f6ffnet. Das Restaurant ist am Sonntagabend, Montag und Dienstag geschlossen.<\/p>\n\t\t\t\t\t\t\t\t<\/div>\n\t\t\t\t\t<\/div>\n\t\t<\/div>\n\t\t\t\t\t<\/div>\n\t\t<\/section>\n\t\t\t\t<section class=\"elementor-section elementor-top-section elementor-element elementor-element-18b8207 elementor-section-full_width elementor-section-height-default elementor-section-height-default\" data-id=\"18b8207\" data-element_type=\"section\" data-e-type=\"section\">\n\t\t\t\t\t\t<div class=\"elementor-container elementor-column-gap-default\">\n\t\t\t\t\t<div class=\"elementor-column elementor-col-100 elementor-top-column elementor-element elementor-element-422e073\" data-id=\"422e073\" data-element_type=\"column\" data-e-type=\"column\">\n\t\t\t<div class=\"elementor-widget-wrap elementor-element-populated\">\n\t\t\t\t\t\t<div class=\"elementor-element elementor-element-9eebf90 elementor-widget elementor-widget-google_maps\" data-id=\"9eebf90\" data-element_type=\"widget\" data-e-type=\"widget\" data-widget_type=\"google_maps.default\">\n\t\t\t\t\t\t\t<div class=\"elementor-custom-embed\">\n\t\t\t<iframe loading=\"lazy\"\n\t\t\t\t\tsrc=\"https:\/\/maps.google.com\/maps?q=auberge%20sundgovienne%20Carspach&#038;t=m&#038;z=10&#038;output=embed&#038;iwloc=near\"\n\t\t\t\t\ttitle=\"auberge sundgovienne Carspach\"\n\t\t\t\t\taria-label=\"auberge sundgovienne Carspach\"\n\t\t\t><\/iframe>\n\t\t<\/div>\n\t\t\t\t\t\t<\/div>\n\t\t\t\t\t<\/div>\n\t\t<\/div>\n\t\t\t\t\t<\/div>\n\t\t<\/section>\n\t\t\t\t<section class=\"elementor-section elementor-top-section elementor-element elementor-element-c3cecc0 elementor-section-full_width elementor-section-height-default elementor-section-height-default\" data-id=\"c3cecc0\" data-element_type=\"section\" data-e-type=\"section\">\n\t\t\t\t\t\t<div class=\"elementor-container elementor-column-gap-default\">\n\t\t\t\t\t<div class=\"elementor-column elementor-col-33 elementor-top-column elementor-element elementor-element-ced6cf2 elementor-invisible\" data-id=\"ced6cf2\" data-element_type=\"column\" data-e-type=\"column\" data-settings=\"{&quot;animation&quot;:&quot;fadeInLeft&quot;}\">\n\t\t\t<div class=\"elementor-widget-wrap elementor-element-populated\">\n\t\t\t\t\t\t<div class=\"elementor-element elementor-element-2ddee50 elementor-widget elementor-widget-heading\" data-id=\"2ddee50\" data-element_type=\"widget\" data-e-type=\"widget\" data-widget_type=\"heading.default\">\n\t\t\t\t\t<h3 class=\"elementor-heading-title elementor-size-default\">Wie man kommt<\/h3>\t\t\t\t<\/div>\n\t\t\t\t<div class=\"elementor-element elementor-element-34ef8b2 elementor-widget elementor-widget-text-editor\" data-id=\"34ef8b2\" data-element_type=\"widget\" data-e-type=\"widget\" data-widget_type=\"text-editor.default\">\n\t\t\t\t\t\t\t\t\t<p><strong>MIT DEM AUTO<br><\/strong> <strong>Vom Zentrum von Altkirch:<\/strong> Die Auberge liegt 3 km an der Stra\u00dfe D419 nach Dannemarie.<\/p>\n<p><strong>Von Besan\u00e7on kommend:<\/strong> Auf der Autobahn A36 nehmen Sie die Ausfahrt 13 in Belfort und folgen der Richtung P\u00e9rouse, um auf die D419 in Richtung Dannemarie, Altkirch, Basel zu gelangen. Die Auberge befindet sich hinter Dannemarie und Ballersdorf, 3 km vor Altkirch.<\/p>\n<p><strong>Von Mulhouse kommend:<\/strong> Auf der Autobahn A36 nehmen Sie die Ausfahrt 15 in Burnhaupt und fahren auf der D466 bis nach Altkirch. Biegen Sie rechts ab und folgen Sie der D419 in Richtung Belfort. Die Auberge befindet sich 3 km von Altkirch entfernt in Richtung Dannemarie\/Belfort.<\/p>\n<p><strong>GPS-Koordinaten:<\/strong> Lat: 47\u00b0 37\u2032 45.94 N Long: 7\u00b0 12\u2032 5.16 E<\/p>\n<p><strong>MIT DEM ZUG<\/strong><br> Von Paris: TGV nach Mulhouse (2h54), dann mit dem Zug nach Mulhouse Altkirch in 12 Minuten<\/p>\n<p><strong>MIT DEM FLUGZEUG<\/strong><br> EuroAirport Basel-Mulhouse-Freiburg in Saint-Louis (30 Minuten vom Hotel entfernt). Fl\u00fcge von allen gro\u00dfen St\u00e4dten Europas. <a href=\"http:\/\/www.euroairport.com\/fr\/\"><br>http:\/\/www.euroairport.com\/fr\/<\/a> <\/p>\n\t\t\t\t\t\t\t\t<\/div>\n\t\t\t\t\t<\/div>\n\t\t<\/div>\n\t\t\t\t<div class=\"elementor-column elementor-col-33 elementor-top-column elementor-element elementor-element-724a9d4\" data-id=\"724a9d4\" data-element_type=\"column\" data-e-type=\"column\" data-settings=\"{&quot;background_background&quot;:&quot;classic&quot;}\">\n\t\t\t<div class=\"elementor-widget-wrap elementor-element-populated\">\n\t\t\t\t\t<div class=\"elementor-background-overlay\"><\/div>\n\t\t\t\t\t\t<div class=\"elementor-element elementor-element-27e7ecc elementor-widget elementor-widget-heading\" data-id=\"27e7ecc\" data-element_type=\"widget\" data-e-type=\"widget\" data-widget_type=\"heading.default\">\n\t\t\t\t\t<h3 class=\"elementor-heading-title elementor-size-default\">Folgen Sie uns online<\/h3>\t\t\t\t<\/div>\n\t\t\t\t<div class=\"elementor-element elementor-element-3c5fc2d elementor-shape-rounded elementor-grid-0 e-grid-align-center elementor-widget elementor-widget-social-icons\" data-id=\"3c5fc2d\" data-element_type=\"widget\" data-e-type=\"widget\" data-widget_type=\"social-icons.default\">\n\t\t\t\t\t\t\t<div class=\"elementor-social-icons-wrapper elementor-grid\" role=\"list\">\n\t\t\t\t\t\t\t<span class=\"elementor-grid-item\" role=\"listitem\">\n\t\t\t\t\t<a class=\"elementor-icon elementor-social-icon elementor-social-icon-facebook elementor-repeater-item-9771a1d\" href=\"https:\/\/www.facebook.com\/Auberge-Sundgovienne-225979607546163\" target=\"_blank\">\n\t\t\t\t\t\t<span class=\"elementor-screen-only\">Facebook<\/span>\n\t\t\t\t\t\t<svg aria-hidden=\"true\" class=\"e-font-icon-svg e-fab-facebook\" viewBox=\"0 0 512 512\" xmlns=\"http:\/\/www.w3.org\/2000\/svg\"><path d=\"M504 256C504 119 393 8 256 8S8 119 8 256c0 123.78 90.69 226.38 209.25 245V327.69h-63V256h63v-54.64c0-62.15 37-96.48 93.67-96.48 27.14 0 55.52 4.84 55.52 4.84v61h-31.28c-30.8 0-40.41 19.12-40.41 38.73V256h68.78l-11 71.69h-57.78V501C413.31 482.38 504 379.78 504 256z\"><\/path><\/svg>\t\t\t\t\t<\/a>\n\t\t\t\t<\/span>\n\t\t\t\t\t\t\t<span class=\"elementor-grid-item\" role=\"listitem\">\n\t\t\t\t\t<a class=\"elementor-icon elementor-social-icon elementor-social-icon-instagram elementor-repeater-item-c379030\" href=\"https:\/\/www.instagram.com\/auberge.sundgovienne\/\" target=\"_blank\">\n\t\t\t\t\t\t<span class=\"elementor-screen-only\">Instagram<\/span>\n\t\t\t\t\t\t<svg aria-hidden=\"true\" class=\"e-font-icon-svg e-fab-instagram\" viewBox=\"0 0 448 512\" xmlns=\"http:\/\/www.w3.org\/2000\/svg\"><path d=\"M224.1 141c-63.6 0-114.9 51.3-114.9 114.9s51.3 114.9 114.9 114.9S339 319.5 339 255.9 287.7 141 224.1 141zm0 189.6c-41.1 0-74.7-33.5-74.7-74.7s33.5-74.7 74.7-74.7 74.7 33.5 74.7 74.7-33.6 74.7-74.7 74.7zm146.4-194.3c0 14.9-12 26.8-26.8 26.8-14.9 0-26.8-12-26.8-26.8s12-26.8 26.8-26.8 26.8 12 26.8 26.8zm76.1 27.2c-1.7-35.9-9.9-67.7-36.2-93.9-26.2-26.2-58-34.4-93.9-36.2-37-2.1-147.9-2.1-184.9 0-35.8 1.7-67.6 9.9-93.9 36.1s-34.4 58-36.2 93.9c-2.1 37-2.1 147.9 0 184.9 1.7 35.9 9.9 67.7 36.2 93.9s58 34.4 93.9 36.2c37 2.1 147.9 2.1 184.9 0 35.9-1.7 67.7-9.9 93.9-36.2 26.2-26.2 34.4-58 36.2-93.9 2.1-37 2.1-147.8 0-184.8zM398.8 388c-7.8 19.6-22.9 34.7-42.6 42.6-29.5 11.7-99.5 9-132.1 9s-102.7 2.6-132.1-9c-19.6-7.8-34.7-22.9-42.6-42.6-11.7-29.5-9-99.5-9-132.1s-2.6-102.7 9-132.1c7.8-19.6 22.9-34.7 42.6-42.6 29.5-11.7 99.5-9 132.1-9s102.7-2.6 132.1 9c19.6 7.8 34.7 22.9 42.6 42.6 11.7 29.5 9 99.5 9 132.1s2.7 102.7-9 132.1z\"><\/path><\/svg>\t\t\t\t\t<\/a>\n\t\t\t\t<\/span>\n\t\t\t\t\t<\/div>\n\t\t\t\t\t\t<\/div>\n\t\t\t\t\t<\/div>\n\t\t<\/div>\n\t\t\t\t<div class=\"elementor-column elementor-col-33 elementor-top-column elementor-element elementor-element-5cab7be elementor-invisible\" data-id=\"5cab7be\" data-element_type=\"column\" data-e-type=\"column\" data-settings=\"{&quot;animation&quot;:&quot;fadeInRight&quot;}\">\n\t\t\t<div class=\"elementor-widget-wrap elementor-element-populated\">\n\t\t\t\t\t\t<div class=\"elementor-element elementor-element-c1a9506 elementor-widget elementor-widget-heading\" data-id=\"c1a9506\" data-element_type=\"widget\" data-e-type=\"widget\" data-widget_type=\"heading.default\">\n\t\t\t\t\t<h3 class=\"elementor-heading-title elementor-size-default\">Kontakt E-Mail<\/h3>\t\t\t\t<\/div>\n\t\t\t\t<div class=\"elementor-element elementor-element-8970d22 elementor-align-justify elementor-widget elementor-widget-button\" data-id=\"8970d22\" data-element_type=\"widget\" data-e-type=\"widget\" data-widget_type=\"button.default\">\n\t\t\t\t\t\t\t\t\t\t<a class=\"elementor-button elementor-button-link elementor-size-sm\" href=\"mailto:mail@auberge-sundgovienne.fr\">\n\t\t\t\t\t\t<span class=\"elementor-button-content-wrapper\">\n\t\t\t\t\t\t\t\t\t<span class=\"elementor-button-text\">mail@auberge-sundgovienne.fr<\/span>\n\t\t\t\t\t<\/span>\n\t\t\t\t\t<\/a>\n\t\t\t\t\t\t\t\t<\/div>\n\t\t\t\t<div class=\"elementor-element elementor-element-114da45 elementor-button-align-stretch elementor-widget elementor-widget-form\" data-id=\"114da45\" data-element_type=\"widget\" data-e-type=\"widget\" data-settings=\"{&quot;step_next_label&quot;:&quot;Weiter zu&quot;,&quot;step_previous_label&quot;:&quot;Vorherige&quot;,&quot;button_width&quot;:&quot;100&quot;,&quot;step_type&quot;:&quot;number_text&quot;,&quot;step_icon_shape&quot;:&quot;circle&quot;}\" data-widget_type=\"form.default\">\n\t\t\t\t\t\t\t<form class=\"elementor-form\" method=\"post\" name=\"Kontaktformular\" aria-label=\"Kontaktformular\">\n\t\t\t<input type=\"hidden\" name=\"post_id\" value=\"2613\"\/>\n\t\t\t<input type=\"hidden\" name=\"form_id\" value=\"114da45\"\/>\n\t\t\t<input type=\"hidden\" name=\"referer_title\" value=\"Kontakt\" \/>\n\n\t\t\t\t\t\t\t<input type=\"hidden\" name=\"queried_id\" value=\"2613\"\/>\n\t\t\t\n\t\t\t<div class=\"elementor-form-fields-wrapper elementor-labels-above\">\n\t\t\t\t\t\t\t\t<div class=\"elementor-field-type-text elementor-field-group elementor-column elementor-field-group-name elementor-col-100\">\n\t\t\t\t\t\t\t\t\t\t\t\t<label for=\"form-field-name\" class=\"elementor-field-label\">\n\t\t\t\t\t\t\t\tName\t\t\t\t\t\t\t<\/label>\n\t\t\t\t\t\t\t\t\t\t\t\t\t\t<input size=\"1\" type=\"text\" name=\"form_fields[name]\" id=\"form-field-name\" class=\"elementor-field elementor-size-sm  elementor-field-textual\" placeholder=\"Name\">\n\t\t\t\t\t\t\t\t\t\t\t<\/div>\n\t\t\t\t\t\t\t\t<div class=\"elementor-field-type-email elementor-field-group elementor-column elementor-field-group-email elementor-col-100 elementor-field-required\">\n\t\t\t\t\t\t\t\t\t\t\t\t<label for=\"form-field-email\" class=\"elementor-field-label\">\n\t\t\t\t\t\t\t\tE-Mail\t\t\t\t\t\t\t<\/label>\n\t\t\t\t\t\t\t\t\t\t\t\t\t\t<input size=\"1\" type=\"email\" name=\"form_fields[email]\" id=\"form-field-email\" class=\"elementor-field elementor-size-sm  elementor-field-textual\" placeholder=\"E-Mail\" required=\"required\">\n\t\t\t\t\t\t\t\t\t\t\t<\/div>\n\t\t\t\t\t\t\t\t<div class=\"elementor-field-type-tel elementor-field-group elementor-column elementor-field-group-field_11d7a8f elementor-col-100\">\n\t\t\t\t\t\t\t\t\t\t\t\t<label for=\"form-field-field_11d7a8f\" class=\"elementor-field-label\">\n\t\t\t\t\t\t\t\tTelefon\t\t\t\t\t\t\t<\/label>\n\t\t\t\t\t\t\t\t<input size=\"1\" type=\"tel\" name=\"form_fields[field_11d7a8f]\" id=\"form-field-field_11d7a8f\" class=\"elementor-field elementor-size-sm  elementor-field-textual\" placeholder=\"Telefon\" pattern=\"[0-9()#&amp;+*-=.]+\" title=\"Nur Nummern oder Telefon-Zeichen (#, -, *, etc) werden akzeptiert.\">\n\n\t\t\t\t\t\t<\/div>\n\t\t\t\t\t\t\t\t<div class=\"elementor-field-type-textarea elementor-field-group elementor-column elementor-field-group-message elementor-col-100\">\n\t\t\t\t\t\t\t\t\t\t\t\t<label for=\"form-field-message\" class=\"elementor-field-label\">\n\t\t\t\t\t\t\t\tNachricht\t\t\t\t\t\t\t<\/label>\n\t\t\t\t\t\t<textarea class=\"elementor-field-textual elementor-field  elementor-size-sm\" name=\"form_fields[message]\" id=\"form-field-message\" rows=\"4\" placeholder=\"Nachricht\"><\/textarea>\t\t\t\t<\/div>\n\t\t\t\t\t\t\t\t<div class=\"elementor-field-type-recaptcha_v3 elementor-field-group elementor-column elementor-field-group-field_d8cbf36 elementor-col-100 recaptcha_v3-bottomright\">\n\t\t\t\t\t<div class=\"elementor-field\" id=\"form-field-field_d8cbf36\"><div class=\"elementor-g-recaptcha\" data-sitekey=\"6LcoV_QqAAAAAJDtJvxNLjLrdxz-9H_I5kV19GUc\" data-type=\"v3\" data-action=\"Form\" data-badge=\"bottomright\" data-size=\"invisible\"><\/div><\/div>\t\t\t\t<\/div>\n\t\t\t\t\t\t\t\t<div class=\"elementor-field-group elementor-column elementor-field-type-submit elementor-col-100 e-form__buttons\">\n\t\t\t\t\t<button class=\"elementor-button elementor-size-sm\" type=\"submit\">\n\t\t\t\t\t\t<span class=\"elementor-button-content-wrapper\">\n\t\t\t\t\t\t\t\t\t\t\t\t\t\t\t\t\t\t\t\t\t\t<span class=\"elementor-button-text\">Senden Sie<\/span>\n\t\t\t\t\t\t\t\t\t\t\t\t\t<\/span>\n\t\t\t\t\t<\/button>\n\t\t\t\t<\/div>\n\t\t\t<\/div>\n\t\t<\/form>\n\t\t\t\t\t\t<\/div>\n\t\t\t\t\t<\/div>\n\t\t<\/div>\n\t\t\t\t\t<\/div>\n\t\t<\/section>\n\t\t\t\t<\/div>\n\t\t","protected":false},"excerpt":{"rendered":"<p>Kontaktieren Sie uns jetzt map-marker-line Adresse Sundgovian Inn 1 Belfort Stra\u00dfe 68130 Carspach phone-handset-line Telefon F\u00fcr alle Informationsanfragen oder direkt im Hotel und Restaurant buchen: Telefon: (+33) 03 89 40 97 18 clock-line \u00d6ffnungszeiten Das Hotel ist nach vorheriger Reservierung mit Zugangscode f\u00fcr Sonntag- und Montagabend 7 Tage die Woche ge\u00f6ffnet. Das Restaurant ist am [&hellip;]<\/p>\n","protected":false},"author":1,"featured_media":0,"parent":0,"menu_order":0,"comment_status":"closed","ping_status":"closed","template":"","meta":{"_acf_changed":false,"footnotes":""},"class_list":["post-2613","page","type-page","status-publish","hentry"],"acf":[],"_links":{"self":[{"href":"https:\/\/auberge-sundgovienne.fr\/de\/wp-json\/wp\/v2\/pages\/2613","targetHints":{"allow":["GET"]}}],"collection":[{"href":"https:\/\/auberge-sundgovienne.fr\/de\/wp-json\/wp\/v2\/pages"}],"about":[{"href":"https:\/\/auberge-sundgovienne.fr\/de\/wp-json\/wp\/v2\/types\/page"}],"author":[{"embeddable":true,"href":"https:\/\/auberge-sundgovienne.fr\/de\/wp-json\/wp\/v2\/users\/1"}],"replies":[{"embeddable":true,"href":"https:\/\/auberge-sundgovienne.fr\/de\/wp-json\/wp\/v2\/comments?post=2613"}],"version-history":[{"count":38,"href":"https:\/\/auberge-sundgovienne.fr\/de\/wp-json\/wp\/v2\/pages\/2613\/revisions"}],"predecessor-version":[{"id":4075,"href":"https:\/\/auberge-sundgovienne.fr\/de\/wp-json\/wp\/v2\/pages\/2613\/revisions\/4075"}],"wp:attachment":[{"href":"https:\/\/auberge-sundgovienne.fr\/de\/wp-json\/wp\/v2\/media?parent=2613"}],"curies":[{"name":"wp","href":"https:\/\/api.w.org\/{rel}","templated":true}]}}