{"id":2631,"date":"2022-08-24T22:30:15","date_gmt":"2022-08-24T20:30:15","guid":{"rendered":"https:\/\/auberge-sundgovienne.fr\/nachrichten\/"},"modified":"2025-04-11T12:17:43","modified_gmt":"2025-04-11T10:17:43","slug":"nachrichten","status":"publish","type":"page","link":"https:\/\/auberge-sundgovienne.fr\/de\/nachrichten\/","title":{"rendered":"Nachrichten"},"content":{"rendered":"\t\t<div data-elementor-type=\"wp-page\" data-elementor-id=\"2631\" class=\"elementor elementor-2631 elementor-18\" data-elementor-post-type=\"page\">\n\t\t\t\t\t\t<section class=\"elementor-section elementor-top-section elementor-element elementor-element-6c3cacf elementor-section-height-min-height elementor-section-items-stretch elementor-section-full_width elementor-section-height-default\" data-id=\"6c3cacf\" data-element_type=\"section\" data-e-type=\"section\" data-settings=\"{&quot;background_background&quot;:&quot;classic&quot;}\">\n\t\t\t\t\t\t<div class=\"elementor-container elementor-column-gap-default\">\n\t\t\t\t\t<div class=\"elementor-column elementor-col-100 elementor-top-column elementor-element elementor-element-ce45356 elementor-invisible\" data-id=\"ce45356\" data-element_type=\"column\" data-e-type=\"column\" data-settings=\"{&quot;background_background&quot;:&quot;classic&quot;,&quot;animation&quot;:&quot;fadeIn&quot;}\">\n\t\t\t<div class=\"elementor-widget-wrap elementor-element-populated\">\n\t\t\t\t\t\t<div class=\"elementor-element elementor-element-0eedbf5 elementor-widget elementor-widget-heading\" data-id=\"0eedbf5\" data-element_type=\"widget\" data-e-type=\"widget\" data-widget_type=\"heading.default\">\n\t\t\t\t\t<h1 class=\"elementor-heading-title elementor-size-default\">Nachrichten<\/h1>\t\t\t\t<\/div>\n\t\t\t\t\t<\/div>\n\t\t<\/div>\n\t\t\t\t\t<\/div>\n\t\t<\/section>\n\t\t\t\t<section class=\"elementor-section elementor-top-section elementor-element elementor-element-dafc7fe elementor-section-boxed elementor-section-height-default elementor-section-height-default\" data-id=\"dafc7fe\" data-element_type=\"section\" data-e-type=\"section\">\n\t\t\t\t\t\t<div class=\"elementor-container elementor-column-gap-default\">\n\t\t\t\t\t<div class=\"elementor-column elementor-col-100 elementor-top-column elementor-element elementor-element-676a5f3\" data-id=\"676a5f3\" data-element_type=\"column\" data-e-type=\"column\">\n\t\t\t<div class=\"elementor-widget-wrap elementor-element-populated\">\n\t\t\t\t\t\t<div class=\"elementor-element elementor-element-9991f27 elementor-grid-3 elementor-grid-tablet-2 elementor-grid-mobile-1 elementor-posts--thumbnail-top elementor-card-shadow-yes elementor-posts__hover-gradient elementor-widget elementor-widget-posts\" data-id=\"9991f27\" data-element_type=\"widget\" data-e-type=\"widget\" data-settings=\"{&quot;cards_columns&quot;:&quot;3&quot;,&quot;cards_columns_tablet&quot;:&quot;2&quot;,&quot;cards_columns_mobile&quot;:&quot;1&quot;,&quot;cards_row_gap&quot;:{&quot;unit&quot;:&quot;px&quot;,&quot;size&quot;:35,&quot;sizes&quot;:[]},&quot;cards_row_gap_tablet&quot;:{&quot;unit&quot;:&quot;px&quot;,&quot;size&quot;:&quot;&quot;,&quot;sizes&quot;:[]},&quot;cards_row_gap_mobile&quot;:{&quot;unit&quot;:&quot;px&quot;,&quot;size&quot;:&quot;&quot;,&quot;sizes&quot;:[]}}\" data-widget_type=\"posts.cards\">\n\t\t\t\t<div class=\"elementor-widget-container\">\n\t\t\t\t\t\t\t<div class=\"elementor-posts-container elementor-posts elementor-posts--skin-cards elementor-grid\" role=\"list\">\n\t\t\t\t<article class=\"elementor-post elementor-grid-item post-2634 post type-post status-publish format-standard has-post-thumbnail hentry category-unkategorisiert\" role=\"listitem\">\n\t\t\t<div class=\"elementor-post__card\">\n\t\t\t\t<a class=\"elementor-post__thumbnail__link\" href=\"https:\/\/auberge-sundgovienne.fr\/de\/jaehrlicher-urlaub\/\" tabindex=\"-1\" ><div class=\"elementor-post__thumbnail\"><img fetchpriority=\"high\" decoding=\"async\" width=\"768\" height=\"512\" src=\"https:\/\/auberge-sundgovienne.fr\/wp-content\/uploads\/2022\/08\/conges-annuels-1-medium_large.jpg\" class=\"attachment-medium_large size-medium_large wp-image-446\" alt=\"\" srcset=\"https:\/\/auberge-sundgovienne.fr\/wp-content\/uploads\/2022\/08\/conges-annuels-1-medium_large.jpg 768w, https:\/\/auberge-sundgovienne.fr\/wp-content\/uploads\/2022\/08\/conges-annuels-1-medium.jpg 300w, https:\/\/auberge-sundgovienne.fr\/wp-content\/uploads\/2022\/08\/conges-annuels-1-large.jpg 1024w, https:\/\/auberge-sundgovienne.fr\/wp-content\/uploads\/2022\/08\/conges-annuels-1-1536x1536.jpg 1536w, https:\/\/auberge-sundgovienne.fr\/wp-content\/uploads\/2022\/08\/conges-annuels-1.jpg 1920w\" sizes=\"(max-width: 768px) 100vw, 768px\" \/><\/div><\/a>\n\t\t\t\t<div class=\"elementor-post__text\">\n\t\t\t\t<h3 class=\"elementor-post__title\">\n\t\t\t<a href=\"https:\/\/auberge-sundgovienne.fr\/de\/jaehrlicher-urlaub\/\" >\n\t\t\t\tJahresurlaub\t\t\t<\/a>\n\t\t<\/h3>\n\t\t\t\t<div class=\"elementor-post__excerpt\">\n\t\t\t<p>Wir haben vom Sonntag, 12. Juli 2026 (nach dem Mittagsservice) bis einschlie\u00dflich Mittwoch, 22. Juli 2026, sowie vom Sonntag, 20. Dezember 2026 (nach dem Mittagsservice)<\/p>\n\t\t<\/div>\n\t\t\n\t\t<a class=\"elementor-post__read-more\" href=\"https:\/\/auberge-sundgovienne.fr\/de\/jaehrlicher-urlaub\/\" aria-label=\"Mehr \u00fcber Jahresurlaub\" tabindex=\"-1\" >\n\t\t\tWeiterlesen \"\t\t<\/a>\n\n\t\t\t\t<\/div>\n\t\t\t\t\t<\/div>\n\t\t<\/article>\n\t\t\t\t<article class=\"elementor-post elementor-grid-item post-2637 post type-post status-publish format-standard has-post-thumbnail hentry category-nicht-klassifiziert\" role=\"listitem\">\n\t\t\t<div class=\"elementor-post__card\">\n\t\t\t\t<a class=\"elementor-post__thumbnail__link\" href=\"https:\/\/auberge-sundgovienne.fr\/de\/ihr-elektroauto-in-der-auberge-sundgovienne\/\" tabindex=\"-1\" ><div class=\"elementor-post__thumbnail\"><img decoding=\"async\" width=\"768\" height=\"300\" src=\"https:\/\/auberge-sundgovienne.fr\/wp-content\/uploads\/2022\/08\/ccdaa6e5bcd9cf562652d15b0a7d6e364f3ffdcb-768x300.jpg\" class=\"attachment-medium_large size-medium_large wp-image-2485\" alt=\"\" srcset=\"https:\/\/auberge-sundgovienne.fr\/wp-content\/uploads\/2022\/08\/ccdaa6e5bcd9cf562652d15b0a7d6e364f3ffdcb-768x300.jpg 768w, https:\/\/auberge-sundgovienne.fr\/wp-content\/uploads\/2022\/08\/ccdaa6e5bcd9cf562652d15b0a7d6e364f3ffdcb-300x117.jpg 300w, https:\/\/auberge-sundgovienne.fr\/wp-content\/uploads\/2022\/08\/ccdaa6e5bcd9cf562652d15b0a7d6e364f3ffdcb-1024x400.jpg 1024w, https:\/\/auberge-sundgovienne.fr\/wp-content\/uploads\/2022\/08\/ccdaa6e5bcd9cf562652d15b0a7d6e364f3ffdcb.jpg 1280w\" sizes=\"(max-width: 768px) 100vw, 768px\" \/><\/div><\/a>\n\t\t\t\t<div class=\"elementor-post__text\">\n\t\t\t\t<h3 class=\"elementor-post__title\">\n\t\t\t<a href=\"https:\/\/auberge-sundgovienne.fr\/de\/ihr-elektroauto-in-der-auberge-sundgovienne\/\" >\n\t\t\t\tIhr Elektroauto in der Auberge Sundgovienne\t\t\t<\/a>\n\t\t<\/h3>\n\t\t\t\t<div class=\"elementor-post__excerpt\">\n\t\t\t<p>&#13; Auf dem Hotelparkplatz der Auberge Sundgovienne stehen unseren Kunden 4 Ladestationen f\u00fcr Elektrofahrzeuge zur Verf\u00fcgung. &#13; Dieser Service wird mit 5 \u20ac pro Aufladung<\/p>\n\t\t<\/div>\n\t\t\n\t\t<a class=\"elementor-post__read-more\" href=\"https:\/\/auberge-sundgovienne.fr\/de\/ihr-elektroauto-in-der-auberge-sundgovienne\/\" aria-label=\"Mehr \u00fcber Ihr Elektroauto in der Auberge Sundgovienne\" tabindex=\"-1\" >\n\t\t\tWeiterlesen \"\t\t<\/a>\n\n\t\t\t\t<\/div>\n\t\t\t\t\t<\/div>\n\t\t<\/article>\n\t\t\t\t<article class=\"elementor-post elementor-grid-item post-2641 post type-post status-publish format-standard has-post-thumbnail hentry category-nicht-klassifiziert\" role=\"listitem\">\n\t\t\t<div class=\"elementor-post__card\">\n\t\t\t\t<a class=\"elementor-post__thumbnail__link\" href=\"https:\/\/auberge-sundgovienne.fr\/de\/entdecken-sie-altkirch-die-hauptstadt-des-sundgaus\/\" tabindex=\"-1\" ><div class=\"elementor-post__thumbnail\"><img decoding=\"async\" width=\"768\" height=\"520\" src=\"https:\/\/auberge-sundgovienne.fr\/wp-content\/uploads\/2022\/08\/0e38163fb93ef038fd18d825d1a948865cad8e0f-768x520.jpg\" class=\"attachment-medium_large size-medium_large wp-image-2477\" alt=\"\" srcset=\"https:\/\/auberge-sundgovienne.fr\/wp-content\/uploads\/2022\/08\/0e38163fb93ef038fd18d825d1a948865cad8e0f-768x520.jpg 768w, https:\/\/auberge-sundgovienne.fr\/wp-content\/uploads\/2022\/08\/0e38163fb93ef038fd18d825d1a948865cad8e0f-300x203.jpg 300w, https:\/\/auberge-sundgovienne.fr\/wp-content\/uploads\/2022\/08\/0e38163fb93ef038fd18d825d1a948865cad8e0f-1024x693.jpg 1024w, https:\/\/auberge-sundgovienne.fr\/wp-content\/uploads\/2022\/08\/0e38163fb93ef038fd18d825d1a948865cad8e0f-1536x1040.jpg 1536w, https:\/\/auberge-sundgovienne.fr\/wp-content\/uploads\/2022\/08\/0e38163fb93ef038fd18d825d1a948865cad8e0f.jpg 1920w\" sizes=\"(max-width: 768px) 100vw, 768px\" \/><\/div><\/a>\n\t\t\t\t<div class=\"elementor-post__text\">\n\t\t\t\t<h3 class=\"elementor-post__title\">\n\t\t\t<a href=\"https:\/\/auberge-sundgovienne.fr\/de\/entdecken-sie-altkirch-die-hauptstadt-des-sundgaus\/\" >\n\t\t\t\tEntdecken Sie Altkirch, die Hauptstadt des Sundgaus\t\t\t<\/a>\n\t\t<\/h3>\n\t\t\t\t<div class=\"elementor-post__excerpt\">\n\t\t\t<p>&#13; Altkirch, die Hauptstadt des Sundgaus, hat eine reiche Vergangenheit, wie ihr beeindruckendes bauliches Erbe beweist. Die 4 km vom Hotel entfernte mittelalterliche Stadt, die<\/p>\n\t\t<\/div>\n\t\t\n\t\t<a class=\"elementor-post__read-more\" href=\"https:\/\/auberge-sundgovienne.fr\/de\/entdecken-sie-altkirch-die-hauptstadt-des-sundgaus\/\" aria-label=\"Mehr \u00fcber Entdecken Sie Altkirch, die Hauptstadt des Sundgaus\" tabindex=\"-1\" >\n\t\t\tWeiterlesen \"\t\t<\/a>\n\n\t\t\t\t<\/div>\n\t\t\t\t\t<\/div>\n\t\t<\/article>\n\t\t\t\t<article class=\"elementor-post elementor-grid-item post-2645 post type-post status-publish format-standard has-post-thumbnail hentry category-nicht-klassifiziert\" role=\"listitem\">\n\t\t\t<div class=\"elementor-post__card\">\n\t\t\t\t<a class=\"elementor-post__thumbnail__link\" href=\"https:\/\/auberge-sundgovienne.fr\/de\/entdecken-sie-mulhouse-das-kreative-elsass\/\" tabindex=\"-1\" ><div class=\"elementor-post__thumbnail\"><img loading=\"lazy\" decoding=\"async\" width=\"768\" height=\"520\" src=\"https:\/\/auberge-sundgovienne.fr\/wp-content\/uploads\/2022\/08\/cc7906a41827e0559a558587a92bc3b220823cec-768x520.jpg\" class=\"attachment-medium_large size-medium_large wp-image-2471\" alt=\"\" srcset=\"https:\/\/auberge-sundgovienne.fr\/wp-content\/uploads\/2022\/08\/cc7906a41827e0559a558587a92bc3b220823cec-768x520.jpg 768w, https:\/\/auberge-sundgovienne.fr\/wp-content\/uploads\/2022\/08\/cc7906a41827e0559a558587a92bc3b220823cec-300x203.jpg 300w, https:\/\/auberge-sundgovienne.fr\/wp-content\/uploads\/2022\/08\/cc7906a41827e0559a558587a92bc3b220823cec-1024x693.jpg 1024w, https:\/\/auberge-sundgovienne.fr\/wp-content\/uploads\/2022\/08\/cc7906a41827e0559a558587a92bc3b220823cec-1536x1040.jpg 1536w, https:\/\/auberge-sundgovienne.fr\/wp-content\/uploads\/2022\/08\/cc7906a41827e0559a558587a92bc3b220823cec.jpg 1920w\" sizes=\"(max-width: 768px) 100vw, 768px\" \/><\/div><\/a>\n\t\t\t\t<div class=\"elementor-post__text\">\n\t\t\t\t<h3 class=\"elementor-post__title\">\n\t\t\t<a href=\"https:\/\/auberge-sundgovienne.fr\/de\/entdecken-sie-mulhouse-das-kreative-elsass\/\" >\n\t\t\t\tEntdecken Sie Mulhouse, das kreative Elsass\t\t\t<\/a>\n\t\t<\/h3>\n\t\t\t\t<div class=\"elementor-post__excerpt\">\n\t\t\t<p>&#13; Unser Hotel in der N\u00e4he von Mulhouse ist ein idealer Aufenthaltsort, um diese sch\u00f6ne Stadt zu besichtigen. \u00dcberraschenderweise scheint die Stadt der hundert Schornsteine<\/p>\n\t\t<\/div>\n\t\t\n\t\t<a class=\"elementor-post__read-more\" href=\"https:\/\/auberge-sundgovienne.fr\/de\/entdecken-sie-mulhouse-das-kreative-elsass\/\" aria-label=\"Mehr \u00fcber Entdecken Sie Mulhouse, das kreative Elsass\" tabindex=\"-1\" >\n\t\t\tWeiterlesen \"\t\t<\/a>\n\n\t\t\t\t<\/div>\n\t\t\t\t\t<\/div>\n\t\t<\/article>\n\t\t\t\t<article class=\"elementor-post elementor-grid-item post-2649 post type-post status-publish format-standard has-post-thumbnail hentry category-nicht-klassifiziert\" role=\"listitem\">\n\t\t\t<div class=\"elementor-post__card\">\n\t\t\t\t<a class=\"elementor-post__thumbnail__link\" href=\"https:\/\/auberge-sundgovienne.fr\/de\/saint-louis-belfort-ferrette\/\" tabindex=\"-1\" ><div class=\"elementor-post__thumbnail\"><img loading=\"lazy\" decoding=\"async\" width=\"768\" height=\"520\" src=\"https:\/\/auberge-sundgovienne.fr\/wp-content\/uploads\/2022\/08\/0b8e5a001bd353cfec0ef4795e882de996ad4448-768x520.jpeg\" class=\"attachment-medium_large size-medium_large wp-image-2473\" alt=\"\" srcset=\"https:\/\/auberge-sundgovienne.fr\/wp-content\/uploads\/2022\/08\/0b8e5a001bd353cfec0ef4795e882de996ad4448-768x520.jpeg 768w, https:\/\/auberge-sundgovienne.fr\/wp-content\/uploads\/2022\/08\/0b8e5a001bd353cfec0ef4795e882de996ad4448-300x203.jpeg 300w, https:\/\/auberge-sundgovienne.fr\/wp-content\/uploads\/2022\/08\/0b8e5a001bd353cfec0ef4795e882de996ad4448-1024x693.jpeg 1024w, https:\/\/auberge-sundgovienne.fr\/wp-content\/uploads\/2022\/08\/0b8e5a001bd353cfec0ef4795e882de996ad4448-1536x1040.jpeg 1536w, https:\/\/auberge-sundgovienne.fr\/wp-content\/uploads\/2022\/08\/0b8e5a001bd353cfec0ef4795e882de996ad4448.jpeg 1920w\" sizes=\"(max-width: 768px) 100vw, 768px\" \/><\/div><\/a>\n\t\t\t\t<div class=\"elementor-post__text\">\n\t\t\t\t<h3 class=\"elementor-post__title\">\n\t\t\t<a href=\"https:\/\/auberge-sundgovienne.fr\/de\/saint-louis-belfort-ferrette\/\" >\n\t\t\t\tSaint Louis, Belfort, Ferrette\t\t\t<\/a>\n\t\t<\/h3>\n\t\t\t\t<div class=\"elementor-post__excerpt\">\n\t\t\t<p>&#13; W\u00e4hrend Ihres Aufenthalts im Sundgau sollten Sie sich die Zeit nehmen, mehrere historische St\u00e4dte zu besuchen. Entdecken Sie Saint-Louis, das 30 km vom Hotel<\/p>\n\t\t<\/div>\n\t\t\n\t\t<a class=\"elementor-post__read-more\" href=\"https:\/\/auberge-sundgovienne.fr\/de\/saint-louis-belfort-ferrette\/\" aria-label=\"Mehr \u00fcber Saint Louis, Belfort, Ferrette\" tabindex=\"-1\" >\n\t\t\tWeiterlesen \"\t\t<\/a>\n\n\t\t\t\t<\/div>\n\t\t\t\t\t<\/div>\n\t\t<\/article>\n\t\t\t\t<article class=\"elementor-post elementor-grid-item post-2653 post type-post status-publish format-standard has-post-thumbnail hentry category-nicht-klassifiziert\" role=\"listitem\">\n\t\t\t<div class=\"elementor-post__card\">\n\t\t\t\t<a class=\"elementor-post__thumbnail__link\" href=\"https:\/\/auberge-sundgovienne.fr\/de\/europapark-fuer-einen-tag-voller-unvergesslicher-abenteuer\/\" tabindex=\"-1\" ><div class=\"elementor-post__thumbnail\"><img loading=\"lazy\" decoding=\"async\" width=\"768\" height=\"520\" src=\"https:\/\/auberge-sundgovienne.fr\/wp-content\/uploads\/2022\/08\/275c4ba09eddd64bc0ea88ab8be3c5dc0b80232f-768x520.jpg\" class=\"attachment-medium_large size-medium_large wp-image-2479\" alt=\"\" srcset=\"https:\/\/auberge-sundgovienne.fr\/wp-content\/uploads\/2022\/08\/275c4ba09eddd64bc0ea88ab8be3c5dc0b80232f-768x520.jpg 768w, https:\/\/auberge-sundgovienne.fr\/wp-content\/uploads\/2022\/08\/275c4ba09eddd64bc0ea88ab8be3c5dc0b80232f-300x203.jpg 300w, https:\/\/auberge-sundgovienne.fr\/wp-content\/uploads\/2022\/08\/275c4ba09eddd64bc0ea88ab8be3c5dc0b80232f-1024x693.jpg 1024w, https:\/\/auberge-sundgovienne.fr\/wp-content\/uploads\/2022\/08\/275c4ba09eddd64bc0ea88ab8be3c5dc0b80232f-1536x1040.jpg 1536w, https:\/\/auberge-sundgovienne.fr\/wp-content\/uploads\/2022\/08\/275c4ba09eddd64bc0ea88ab8be3c5dc0b80232f.jpg 1920w\" sizes=\"(max-width: 768px) 100vw, 768px\" \/><\/div><\/a>\n\t\t\t\t<div class=\"elementor-post__text\">\n\t\t\t\t<h3 class=\"elementor-post__title\">\n\t\t\t<a href=\"https:\/\/auberge-sundgovienne.fr\/de\/europapark-fuer-einen-tag-voller-unvergesslicher-abenteuer\/\" >\n\t\t\t\tEuropapark, f\u00fcr einen Tag voller unvergesslicher Abenteuer\t\t\t<\/a>\n\t\t<\/h3>\n\t\t\t\t<div class=\"elementor-post__excerpt\">\n\t\t\t<p>&#13; Der Europa-Park ist nach Disneyland der zweitgr\u00f6\u00dfte Vergn\u00fcgungspark Europas und liegt in Deutschland nahe der franz\u00f6sischen Grenze. In der N\u00e4he des Hotels gelegen, k\u00f6nnen<\/p>\n\t\t<\/div>\n\t\t\n\t\t<a class=\"elementor-post__read-more\" href=\"https:\/\/auberge-sundgovienne.fr\/de\/europapark-fuer-einen-tag-voller-unvergesslicher-abenteuer\/\" aria-label=\"Mehr \u00fcber Europapark, f\u00fcr einen Tag voller unvergesslicher Abenteuer\" tabindex=\"-1\" >\n\t\t\tWeiterlesen \"\t\t<\/a>\n\n\t\t\t\t<\/div>\n\t\t\t\t\t<\/div>\n\t\t<\/article>\n\t\t\t\t<article class=\"elementor-post elementor-grid-item post-2657 post type-post status-publish format-standard has-post-thumbnail hentry category-nicht-klassifiziert\" role=\"listitem\">\n\t\t\t<div class=\"elementor-post__card\">\n\t\t\t\t<a class=\"elementor-post__thumbnail__link\" href=\"https:\/\/auberge-sundgovienne.fr\/de\/entdecken-sie-caspach-in-der-naehe-von-mulhouse\/\" tabindex=\"-1\" ><div class=\"elementor-post__thumbnail\"><img loading=\"lazy\" decoding=\"async\" width=\"768\" height=\"520\" src=\"https:\/\/auberge-sundgovienne.fr\/wp-content\/uploads\/2022\/08\/0da85a898c467c9780c05d9798e52f227ba98356-768x520.jpg\" class=\"attachment-medium_large size-medium_large wp-image-2475\" alt=\"\" srcset=\"https:\/\/auberge-sundgovienne.fr\/wp-content\/uploads\/2022\/08\/0da85a898c467c9780c05d9798e52f227ba98356-768x520.jpg 768w, https:\/\/auberge-sundgovienne.fr\/wp-content\/uploads\/2022\/08\/0da85a898c467c9780c05d9798e52f227ba98356-300x203.jpg 300w, https:\/\/auberge-sundgovienne.fr\/wp-content\/uploads\/2022\/08\/0da85a898c467c9780c05d9798e52f227ba98356-1024x693.jpg 1024w, https:\/\/auberge-sundgovienne.fr\/wp-content\/uploads\/2022\/08\/0da85a898c467c9780c05d9798e52f227ba98356-1536x1040.jpg 1536w, https:\/\/auberge-sundgovienne.fr\/wp-content\/uploads\/2022\/08\/0da85a898c467c9780c05d9798e52f227ba98356.jpg 1920w\" sizes=\"(max-width: 768px) 100vw, 768px\" \/><\/div><\/a>\n\t\t\t\t<div class=\"elementor-post__text\">\n\t\t\t\t<h3 class=\"elementor-post__title\">\n\t\t\t<a href=\"https:\/\/auberge-sundgovienne.fr\/de\/entdecken-sie-caspach-in-der-naehe-von-mulhouse\/\" >\n\t\t\t\tEntdecken Sie Caspach in der N\u00e4he von Mulhouse\t\t\t<\/a>\n\t\t<\/h3>\n\t\t\t\t<div class=\"elementor-post__excerpt\">\n\t\t\t<p>&#13; Carspach liegt westlich von Altkirch und besitzt den ganzen Charme der els\u00e4ssischen D\u00f6rfer. Seit \u00fcber 1000 Jahren bewohnt, war seine Geschichte von Konflikten und<\/p>\n\t\t<\/div>\n\t\t\n\t\t<a class=\"elementor-post__read-more\" href=\"https:\/\/auberge-sundgovienne.fr\/de\/entdecken-sie-caspach-in-der-naehe-von-mulhouse\/\" aria-label=\"Mehr \u00fcber Entdecken Sie Caspach in der N\u00e4he von Mulhouse\" tabindex=\"-1\" >\n\t\t\tWeiterlesen \"\t\t<\/a>\n\n\t\t\t\t<\/div>\n\t\t\t\t\t<\/div>\n\t\t<\/article>\n\t\t\t\t<\/div>\n\t\t\n\t\t\t\t\t\t<\/div>\n\t\t\t\t<\/div>\n\t\t\t\t\t<\/div>\n\t\t<\/div>\n\t\t\t\t\t<\/div>\n\t\t<\/section>\n\t\t\t\t<\/div>\n\t\t","protected":false},"excerpt":{"rendered":"<p>Nachrichten<\/p>\n","protected":false},"author":1,"featured_media":0,"parent":0,"menu_order":0,"comment_status":"closed","ping_status":"closed","template":"","meta":{"_acf_changed":false,"footnotes":""},"class_list":["post-2631","page","type-page","status-publish","hentry"],"acf":[],"_links":{"self":[{"href":"https:\/\/auberge-sundgovienne.fr\/de\/wp-json\/wp\/v2\/pages\/2631","targetHints":{"allow":["GET"]}}],"collection":[{"href":"https:\/\/auberge-sundgovienne.fr\/de\/wp-json\/wp\/v2\/pages"}],"about":[{"href":"https:\/\/auberge-sundgovienne.fr\/de\/wp-json\/wp\/v2\/types\/page"}],"author":[{"embeddable":true,"href":"https:\/\/auberge-sundgovienne.fr\/de\/wp-json\/wp\/v2\/users\/1"}],"replies":[{"embeddable":true,"href":"https:\/\/auberge-sundgovienne.fr\/de\/wp-json\/wp\/v2\/comments?post=2631"}],"version-history":[{"count":3,"href":"https:\/\/auberge-sundgovienne.fr\/de\/wp-json\/wp\/v2\/pages\/2631\/revisions"}],"predecessor-version":[{"id":3781,"href":"https:\/\/auberge-sundgovienne.fr\/de\/wp-json\/wp\/v2\/pages\/2631\/revisions\/3781"}],"wp:attachment":[{"href":"https:\/\/auberge-sundgovienne.fr\/de\/wp-json\/wp\/v2\/media?parent=2631"}],"curies":[{"name":"wp","href":"https:\/\/api.w.org\/{rel}","templated":true}]}}